{"id":191,"date":"2026-04-14T12:55:40","date_gmt":"2026-04-14T10:55:40","guid":{"rendered":"https:\/\/www.pilateswerkstatt.ch\/workshops\/"},"modified":"2026-04-14T12:55:46","modified_gmt":"2026-04-14T10:55:46","slug":"workshops","status":"publish","type":"page","link":"https:\/\/www.pilateswerkstatt.ch\/en\/workshops\/","title":{"rendered":"workshops"},"content":{"rendered":"<section class=\"u-clearfix u-container-align-center u-image u-shading lazyload u-section-1\" id=\"block-9\" data-image-width=\"1500\" data-image-height=\"1000\" data-bg=\"linear-gradient(to bottom, rgba(0, 0, 0, 0.5), rgba(0, 0, 0, 0.5)), url('https:\/\/www.pilateswerkstatt.ch\/wp-content\/uploads\/2026\/04\/kleingruppen-training_02-1.jpg')\">\n      <div class=\"u-clearfix u-sheet u-valign-middle u-sheet-1\">\n        <h1 class=\"u-align-center u-text u-text-body-alt-color u-text-1\"> Workshops<\/h1>\n      <\/div>\n    <\/section>\n    <section class=\"u-clearfix u-section-2\" id=\"block-11\">\n      <div class=\"u-clearfix u-sheet u-valign-middle-lg u-valign-middle-md u-valign-middle-xl u-sheet-1\">\n        <div class=\"data-layout-selected u-clearfix u-expanded-width u-layout-wrap u-layout-wrap-1\">\n          <div class=\"u-layout\">\n            <div class=\"u-layout-row\">\n              <div class=\"u-container-style u-layout-cell u-size-30 u-layout-cell-1\">\n                <div class=\"u-container-layout u-valign-middle-xl u-valign-top-lg u-valign-top-md u-valign-top-sm u-valign-top-xs u-container-layout-1\">\n                  <div class=\"u-image u-image-circle lazyload u-image-1\" alt=\"\" data-image-width=\"1500\" data-image-height=\"1000\" data-animation-name=\"customAnimationIn\" data-animation-duration=\"2000\" data-animation-delay=\"0\" data-bg=\"url(&quot;https:\/\/www.pilateswerkstatt.ch\/wp-content\/uploads\/2026\/04\/workshops_01-1.jpg?rand=2c34&quot;)\"><\/div>\n                <\/div>\n              <\/div>\n              <div class=\"u-container-style u-layout-cell u-size-30 u-layout-cell-2\">\n                <div class=\"u-container-layout u-valign-middle u-container-layout-2\">\n                  <h2 class=\"u-text u-text-default u-text-1\"> Understand, deepen and apply consciously<\/h2>\n                  <p class=\"u-text u-text-default u-text-2\"> Workshops allow you to explore specific topics around movement, breathing and body awareness in greater depth. In focused sessions, we dedicate time to particular themes and create space for precise, mindful practice.<br>\n                  <\/p>\n                  <p class=\"u-text u-text-default u-text-3\"> This creates a learning space where you can deepen your understanding of how things connect and develop your training with greater awareness.<\/p>\n                <\/div>\n              <\/div>\n            <\/div>\n          <\/div>\n        <\/div>\n      <\/div>\n    <\/section>\n    <section class=\"u-clearfix u-palette-1-base u-section-3\" id=\"block-12\">\n      <div class=\"u-clearfix u-sheet u-valign-middle-xl u-valign-middle-xs u-sheet-1\">\n        <h2 class=\"u-align-center u-text u-text-body-alt-color u-text-1\" data-animation-name=\"customAnimationIn\" data-animation-duration=\"1000\" data-animation-delay=\"0\"> Learning in an inspiring atmosphere<\/h2>\n        <p class=\"u-align-center u-text u-text-2\" data-animation-name=\"customAnimationIn\" data-animation-duration=\"1000\" data-animation-delay=\"0\"> Our workshops combine professional depth with a calm and open learning atmosphere. You gain new insights, practical exercises and valuable understanding for your body and your everyday life.<\/p>\n        <p class=\"u-align-center u-text u-text-3\" data-animation-name=\"customAnimationIn\" data-animation-duration=\"1000\" data-animation-delay=\"0\"> The content is clearly structured and presented in a way that is easy to understand and practical to apply.<\/p>\n      <\/div>\n    <\/section>\n    <section class=\"u-align-center u-clearfix u-container-align-center u-valign-middle-lg u-valign-middle-xl u-section-4\" id=\"block-13\">\n      <div class=\"u-expanded-width u-palette-1-base u-shape u-shape-rectangle u-shape-1\"><\/div>\n      <div class=\"data-layout-selected u-clearfix u-layout-wrap u-layout-wrap-1\">\n        <div class=\"u-layout\">\n          <div class=\"u-layout-row\">\n            <div class=\"u-align-left u-container-align-left u-container-style u-layout-cell u-right-cell u-size-36 u-white u-layout-cell-1\">\n              <div class=\"u-container-layout u-valign-middle-lg u-container-layout-1\">\n                <h2 class=\"u-text u-text-default u-text-1\"> Who the workshops are suitable for<\/h2>\n                <p class=\"u-text u-text-2\"> The workshops are designed for:<\/p>\n                <ul class=\"u-custom-list u-spacing-10 u-text u-text-3\">\n                  <li style=\"padding-left: 15px;\">\n                    <div class=\"u-list-icon u-text-palette-1-base\">\n                      <svg class=\"u-svg-content\" viewbox=\"0 0 512 512\" id=\"svg-7bae\" style=\"font-size: 1.2em; margin: -1.2em;\"><path d=\"m202.6 478-202.6-186.6 70.5-76.6 121.5 111.9 239.4-292.7 80.6 65.9z\" fill=\"currentColor\"><\/path><\/svg>\n                    <\/div> those who want to deepen their Pilates practice\n                  <\/li>\n                  <li style=\"padding-left: 15px;\">\n                    <div class=\"u-list-icon u-text-palette-1-base\">\n                      <svg class=\"u-svg-content\" viewbox=\"0 0 512 512\" id=\"svg-7bae\" style=\"font-size: 1.2em; margin: -1.2em;\"><path d=\"m202.6 478-202.6-186.6 70.5-76.6 121.5 111.9 239.4-292.7 80.6 65.9z\" fill=\"currentColor\"><\/path><\/svg>\n                    <\/div>those who want to explore new approaches to movement<br>\n                  <\/li>\n                  <li style=\"padding-left: 15px;\">\n                    <div class=\"u-list-icon u-text-palette-1-base\">\n                      <svg class=\"u-svg-content\" viewbox=\"0 0 512 512\" id=\"svg-7bae\" style=\"font-size: 1.2em; margin: -1.2em;\"><path d=\"m202.6 478-202.6-186.6 70.5-76.6 121.5 111.9 239.4-292.7 80.6 65.9z\" fill=\"currentColor\"><\/path><\/svg>\n                    <\/div>those who want to develop their body awareness further<br>\n                  <\/li>\n                  <li style=\"padding-left: 15px;\">\n                    <div class=\"u-list-icon u-text-palette-1-base\">\n                      <svg class=\"u-svg-content\" viewbox=\"0 0 512 512\" id=\"svg-7bae\" style=\"font-size: 1.2em; margin: -1.2em;\"><path d=\"m202.6 478-202.6-186.6 70.5-76.6 121.5 111.9 239.4-292.7 80.6 65.9z\" fill=\"currentColor\"><\/path><\/svg>\n                    <\/div>those who want to work on specific topics in a focused way<br>\n                  <\/li>\n                <\/ul>\n                <p class=\"u-text u-text-4\"> Depending on the topic, the workshops are suitable for beginners or more advanced participants.<\/p>\n              <\/div>\n            <\/div>\n            <div class=\"u-container-style u-image u-layout-cell u-left-cell u-size-24 lazyload u-image-1\" data-image-width=\"1000\" data-image-height=\"667\" data-animation-name=\"customAnimationIn\" data-animation-duration=\"1500\" data-animation-delay=\"0\" data-bg=\"url(&quot;https:\/\/www.pilateswerkstatt.ch\/wp-content\/uploads\/2026\/04\/pilates-workshop-1.jpg&quot;)\">\n              <div class=\"u-container-layout u-container-layout-2\"><\/div>\n            <\/div>\n          <\/div>\n        <\/div>\n      <\/div>\n    <\/section>\n    <section class=\"skrollable u-clearfix u-container-align-center u-image u-parallax lazyload u-section-5\" id=\"block-16\" data-image-width=\"1500\" data-image-height=\"1000\" data-bg=\"url(&quot;https:\/\/www.pilateswerkstatt.ch\/wp-content\/uploads\/2026\/04\/workshops_02-1.jpg&quot;)\">\n      <div class=\"u-clearfix u-sheet u-sheet-1\"><\/div>\n    <\/section>\n    <section class=\"u-align-center u-clearfix u-container-align-center u-section-6\" id=\"block-15\">\n      <div class=\"u-align-center u-clearfix u-sheet u-valign-middle u-sheet-1\">\n        <h2 class=\"u-align-center u-text u-text-body-color u-text-1\"> Explore current workshops<\/h2>\n        <p class=\"u-text u-text-2\"> A workshop can significantly deepen your understanding of movement. Many participants discover new ways to use their body more consciously and perform their exercises with greater precision.<\/p>\n        <a href=\"\/en\/book-now\/?id=ff008929-c104-49ce-bea9-4ddc3b3dcafc\" class=\"u-btn u-button-style u-btn-1\"> Book a workshop<\/a>\n      <\/div>\n    <\/section>","protected":false},"excerpt":{"rendered":"<p>Workshops Verstehen, vertiefen und bewusst anwenden Workshops erm\u00f6glichen Dir, einzelne Themen rund um Bewegung, Atmung und K\u00f6rperverst\u00e4ndnis intensiver zu erleben. In konzentrierten Einheiten widmen wir uns spezifischen Schwerpunkten und nehmen uns Zeit f\u00fcr pr\u00e4zises, achtsames Arbeiten. So entsteht ein Lernraum, indem Du Dein Verst\u00e4ndnis f\u00fcr Zusammenh\u00e4nge vertiefen und Dein Training bewusst weiterentwickeln kannst. Lernen in &hellip; <a href=\"https:\/\/www.pilateswerkstatt.ch\/en\/workshops\/\" class=\"more-link\">Continue reading<span class=\"screen-reader-text\"> &#8222;workshops&#8220;<\/span><\/a><\/p>","protected":false},"author":1,"featured_media":0,"parent":0,"menu_order":12,"comment_status":"closed","ping_status":"closed","template":"","meta":{"footnotes":""},"class_list":["post-191","page","type-page","status-publish","hentry"],"_links":{"self":[{"href":"https:\/\/www.pilateswerkstatt.ch\/en\/wp-json\/wp\/v2\/pages\/191","targetHints":{"allow":["GET"]}}],"collection":[{"href":"https:\/\/www.pilateswerkstatt.ch\/en\/wp-json\/wp\/v2\/pages"}],"about":[{"href":"https:\/\/www.pilateswerkstatt.ch\/en\/wp-json\/wp\/v2\/types\/page"}],"author":[{"embeddable":true,"href":"https:\/\/www.pilateswerkstatt.ch\/en\/wp-json\/wp\/v2\/users\/1"}],"replies":[{"embeddable":true,"href":"https:\/\/www.pilateswerkstatt.ch\/en\/wp-json\/wp\/v2\/comments?post=191"}],"version-history":[{"count":1,"href":"https:\/\/www.pilateswerkstatt.ch\/en\/wp-json\/wp\/v2\/pages\/191\/revisions"}],"predecessor-version":[{"id":205,"href":"https:\/\/www.pilateswerkstatt.ch\/en\/wp-json\/wp\/v2\/pages\/191\/revisions\/205"}],"wp:attachment":[{"href":"https:\/\/www.pilateswerkstatt.ch\/en\/wp-json\/wp\/v2\/media?parent=191"}],"curies":[{"name":"wp","href":"https:\/\/api.w.org\/{rel}","templated":true}]}}