{"id":180,"date":"2026-04-14T12:55:29","date_gmt":"2026-04-14T10:55:29","guid":{"rendered":"https:\/\/www.pilateswerkstatt.ch\/personal-training\/"},"modified":"2026-04-14T12:55:44","modified_gmt":"2026-04-14T10:55:44","slug":"personal-training","status":"publish","type":"page","link":"https:\/\/www.pilateswerkstatt.ch\/en\/personal-training\/","title":{"rendered":"personal-training"},"content":{"rendered":"<section class=\"u-clearfix u-container-align-center u-image u-shading lazyload u-section-1\" id=\"block-9\" data-image-width=\"1500\" data-image-height=\"1000\" data-bg=\"linear-gradient(to bottom, rgba(0, 0, 0, 0.5), rgba(0, 0, 0, 0.5)), url('https:\/\/www.pilateswerkstatt.ch\/wp-content\/uploads\/2026\/04\/personal-training_02-1.jpg')\">\n      <div class=\"u-clearfix u-sheet u-valign-middle-lg u-valign-middle-md u-valign-middle-xl u-valign-middle-xs u-sheet-1\">\n        <h1 class=\"u-align-center u-text u-text-body-alt-color u-text-1\"> Personal &amp; duo training<\/h1>\n      <\/div>\n    <\/section>\n    <section class=\"u-clearfix u-section-2\" id=\"block-11\">\n      <div class=\"u-clearfix u-sheet u-valign-middle-lg u-valign-middle-md u-valign-middle-xl u-sheet-1\">\n        <div class=\"data-layout-selected u-clearfix u-expanded-width u-layout-wrap u-layout-wrap-1\">\n          <div class=\"u-layout\">\n            <div class=\"u-layout-row\">\n              <div class=\"u-container-style u-layout-cell u-size-30 u-layout-cell-1\">\n                <div class=\"u-container-layout u-valign-middle-xl u-valign-top-lg u-valign-top-md u-valign-top-sm u-valign-top-xs u-container-layout-1\">\n                  <div class=\"u-image u-image-circle lazyload u-image-1\" alt=\"\" data-image-width=\"1500\" data-image-height=\"1000\" data-animation-name=\"customAnimationIn\" data-animation-duration=\"2000\" data-animation-delay=\"0\" data-bg=\"url(&quot;https:\/\/www.pilateswerkstatt.ch\/wp-content\/uploads\/2026\/04\/personal-training_03-1.jpg&quot;)\"><\/div>\n                <\/div>\n              <\/div>\n              <div class=\"u-container-style u-layout-cell u-size-30 u-layout-cell-2\">\n                <div class=\"u-container-layout u-valign-middle u-container-layout-2\">\n                  <h2 class=\"u-text u-text-default u-text-1\"> Individual training with maximum impact<\/h2>\n                  <p class=\"u-text u-text-default u-text-2\"> In personal training, your body is at the centre of everything. Each exercise is tailored to your physical condition, your movement patterns and your goals.<br>\n                  <\/p>\n                  <p class=\"u-text u-text-default u-text-3\"> This creates a form of training that specifically strengthens strength, stability and mobility, and delivers lasting results.<\/p>\n                <\/div>\n              <\/div>\n            <\/div>\n          <\/div>\n        <\/div>\n      <\/div>\n    <\/section>\n    <section class=\"u-clearfix u-palette-1-base u-section-3\" id=\"block-12\">\n      <div class=\"u-clearfix u-sheet u-valign-middle-xl u-valign-middle-xs u-sheet-1\">\n        <h2 class=\"u-align-center u-text u-text-body-alt-color u-text-1\" data-animation-name=\"customAnimationIn\" data-animation-duration=\"1000\" data-animation-delay=\"0\"> Duo training, train together<\/h2>\n        <p class=\"u-align-center u-text u-text-2\" data-animation-name=\"customAnimationIn\" data-animation-duration=\"1000\" data-animation-delay=\"0\"> In duo training, you train together with a second person, for example a partner, friend or family member.<\/p>\n        <p class=\"u-align-center u-text u-text-3\" data-animation-name=\"customAnimationIn\" data-animation-duration=\"1000\" data-animation-delay=\"0\"> The exercises are tailored to both participants, allowing you to train together and motivate each other.<\/p>\n      <\/div>\n    <\/section>\n    <section class=\"u-align-center u-clearfix u-container-align-center u-valign-middle-lg u-section-4\" id=\"block-13\">\n      <div class=\"u-expanded-width u-palette-1-base u-shape u-shape-rectangle u-shape-1\"><\/div>\n      <div class=\"data-layout-selected u-clearfix u-layout-wrap u-layout-wrap-1\">\n        <div class=\"u-layout\">\n          <div class=\"u-layout-row\">\n            <div class=\"u-align-left u-container-align-left u-container-style u-layout-cell u-right-cell u-size-36 u-white u-layout-cell-1\">\n              <div class=\"u-container-layout u-valign-middle-lg u-container-layout-1\">\n                <h2 class=\"u-text u-text-default u-text-1\"> When personal training is particularly beneficial<\/h2>\n                <p class=\"u-text u-text-2\"> Personal training is particularly suitable:<\/p>\n                <ul class=\"u-custom-list u-spacing-10 u-text u-text-3\">\n                  <li style=\"padding-left: 15px;\">\n                    <div class=\"u-list-icon u-text-palette-1-base\">\n                      <svg class=\"u-svg-content\" viewbox=\"0 0 512 512\" id=\"svg-7bae\" style=\"font-size: 1.2em; margin: -1.2em;\"><path d=\"m202.6 478-202.6-186.6 70.5-76.6 121.5 111.9 239.4-292.7 80.6 65.9z\" fill=\"currentColor\"><\/path><\/svg>\n                    <\/div> for back pain or postural issues\n                  <\/li>\n                  <li style=\"padding-left: 15px;\">\n                    <div class=\"u-list-icon u-text-palette-1-base\">\n                      <svg class=\"u-svg-content\" viewbox=\"0 0 512 512\" id=\"svg-7bae\" style=\"font-size: 1.2em; margin: -1.2em;\"><path d=\"m202.6 478-202.6-186.6 70.5-76.6 121.5 111.9 239.4-292.7 80.6 65.9z\" fill=\"currentColor\"><\/path><\/svg>\n                    <\/div>after injuries or physical strain<br>\n                  <\/li>\n                  <li style=\"padding-left: 15px;\">\n                    <div class=\"u-list-icon u-text-palette-1-base\">\n                      <svg class=\"u-svg-content\" viewbox=\"0 0 512 512\" id=\"svg-7bae\" style=\"font-size: 1.2em; margin: -1.2em;\"><path d=\"m202.6 478-202.6-186.6 70.5-76.6 121.5 111.9 239.4-292.7 80.6 65.9z\" fill=\"currentColor\"><\/path><\/svg>\n                    <\/div>in times of stress or high mental demands<br>\n                  <\/li>\n                  <li style=\"padding-left: 15px;\">\n                    <div class=\"u-list-icon u-text-palette-1-base\">\n                      <svg class=\"u-svg-content\" viewbox=\"0 0 512 512\" id=\"svg-7bae\" style=\"font-size: 1.2em; margin: -1.2em;\"><path d=\"m202.6 478-202.6-186.6 70.5-76.6 121.5 111.9 239.4-292.7 80.6 65.9z\" fill=\"currentColor\"><\/path><\/svg>\n                    <\/div>if you want to work specifically on strength, stability and mobility<br>\n                  <\/li>\n                  <li style=\"padding-left: 15px;\">\n                    <div class=\"u-list-icon u-text-palette-1-base\">\n                      <svg class=\"u-svg-content\" viewbox=\"0 0 512 512\" id=\"svg-7bae\" style=\"font-size: 1.2em; margin: -1.2em;\"><path d=\"m202.6 478-202.6-186.6 70.5-76.6 121.5 111.9 239.4-292.7 80.6 65.9z\" fill=\"currentColor\"><\/path><\/svg>\n                    <\/div>if you want to learn Pilates from the ground up with precision<br>\n                  <\/li>\n                <\/ul>\n                <p class=\"u-text u-text-4\"> Through individual guidance, the training can be tailored precisely to your needs.<\/p>\n              <\/div>\n            <\/div>\n            <div class=\"u-container-style u-image u-layout-cell u-left-cell u-size-24 lazyload u-image-1\" data-image-width=\"1000\" data-image-height=\"667\" data-animation-name=\"customAnimationIn\" data-animation-duration=\"1500\" data-animation-delay=\"0\" data-bg=\"url(&quot;https:\/\/www.pilateswerkstatt.ch\/wp-content\/uploads\/2026\/04\/pilates-personal-training-1.jpg&quot;)\">\n              <div class=\"u-container-layout u-container-layout-2\"><\/div>\n            <\/div>\n          <\/div>\n        <\/div>\n      <\/div>\n    <\/section>\n    <section class=\"skrollable u-clearfix u-container-align-center u-image u-parallax lazyload u-section-5\" id=\"block-16\" data-image-width=\"1500\" data-image-height=\"1000\" data-bg=\"url(&quot;https:\/\/www.pilateswerkstatt.ch\/wp-content\/uploads\/2026\/04\/personal-training_04-1.jpg&quot;)\">\n      <div class=\"u-clearfix u-sheet u-sheet-1\"><\/div>\n    <\/section>\n    <section class=\"u-align-center u-clearfix u-container-align-center u-section-6\" id=\"block-15\">\n      <div class=\"u-align-center u-clearfix u-sheet u-valign-middle u-sheet-1\">\n        <h2 class=\"u-align-center u-text u-text-body-color u-text-1\"> Ready for your personal training?<\/h2>\n        <p class=\"u-text u-text-2\"> Many of our clients feel greater stability, mobility and ease in everyday life after just a few weeks.<\/p>\n        <a href=\"\/en\/book-now\/?id=1ed8c3e9-dcdb-4114-af6f-4794c6e9406c\" class=\"u-btn u-button-style u-btn-1\"> Book your personal training session<\/a>\n      <\/div>\n    <\/section>","protected":false},"excerpt":{"rendered":"<p>Personal &amp; Duo Training Individuelles Training mit maximaler Wirkung Im Personal Training steht Dein K\u00f6rper vollst\u00e4ndig im Zentrum. Jede \u00dcbung wird auf Deine k\u00f6rperliche Situation, Deine Bewegungsmuster und Deine Ziele abgestimmt. So entsteht ein Training, das gezielt Kraft, Stabilit\u00e4t und Beweglichkeit st\u00e4rkt und nachhaltig Wirkung zeigt. Duo Training, gemeinsam trainieren Im Duo Training trainierst Du &hellip; <a href=\"https:\/\/www.pilateswerkstatt.ch\/en\/personal-training\/\" class=\"more-link\">Continue reading<span class=\"screen-reader-text\"> &#8222;personal-training&#8220;<\/span><\/a><\/p>","protected":false},"author":1,"featured_media":0,"parent":0,"menu_order":1,"comment_status":"closed","ping_status":"closed","template":"","meta":{"footnotes":""},"class_list":["post-180","page","type-page","status-publish","hentry"],"_links":{"self":[{"href":"https:\/\/www.pilateswerkstatt.ch\/en\/wp-json\/wp\/v2\/pages\/180","targetHints":{"allow":["GET"]}}],"collection":[{"href":"https:\/\/www.pilateswerkstatt.ch\/en\/wp-json\/wp\/v2\/pages"}],"about":[{"href":"https:\/\/www.pilateswerkstatt.ch\/en\/wp-json\/wp\/v2\/types\/page"}],"author":[{"embeddable":true,"href":"https:\/\/www.pilateswerkstatt.ch\/en\/wp-json\/wp\/v2\/users\/1"}],"replies":[{"embeddable":true,"href":"https:\/\/www.pilateswerkstatt.ch\/en\/wp-json\/wp\/v2\/comments?post=180"}],"version-history":[{"count":1,"href":"https:\/\/www.pilateswerkstatt.ch\/en\/wp-json\/wp\/v2\/pages\/180\/revisions"}],"predecessor-version":[{"id":194,"href":"https:\/\/www.pilateswerkstatt.ch\/en\/wp-json\/wp\/v2\/pages\/180\/revisions\/194"}],"wp:attachment":[{"href":"https:\/\/www.pilateswerkstatt.ch\/en\/wp-json\/wp\/v2\/media?parent=180"}],"curies":[{"name":"wp","href":"https:\/\/api.w.org\/{rel}","templated":true}]}}